{"id":2,"date":"2025-09-24T03:44:56","date_gmt":"2025-09-24T03:44:56","guid":{"rendered":"https:\/\/jelashealingcorner.com\/?page_id=2"},"modified":"2026-01-15T21:15:24","modified_gmt":"2026-01-15T21:15:24","slug":"home","status":"publish","type":"page","link":"https:\/\/jelashealingcorner.com\/","title":{"rendered":"Home"},"content":{"rendered":"\n<div class=\"wp-block-uagb-container shimmer-element uagb-layout-flex uagb-block-1f570bc8 alignfull uagb-is-root-container\"><div class=\"uagb-container-inner-blocks-wrap\">\n<div class=\"wp-block-uagb-container uagb-block-43050298\"><\/div>\n\n\n\n<div class=\"wp-block-uagb-container uagb-block-246fbc7b\"><div class=\"uagb-container__video-wrap\"><\/div>\n<div class=\"wp-block-stackable-spacer stk-block-spacer stk--no-padding stk-block stk-11c0f5c\" data-block-id=\"11c0f5c\"><style>@media screen and (max-width: 1023px){.stk-11c0f5c {height:100px !important;}}@media screen and (max-width: 767px){.stk-11c0f5c {height:300px !important;}}<\/style><\/div>\n\n\n\n<div class=\"wp-block-uagb-advanced-heading uagb-block-2635f2a5\"><h1 class=\"uagb-heading-text\">Theta Healing<\/h1><\/div>\n\n\n\n<div class=\"wp-block-uagb-advanced-heading uagb-block-a9a973d2\"><h2 class=\"uagb-heading-text\">Dein weg nach innen<\/h2><\/div>\n\n\n\n<div class=\"wp-block-uagb-buttons uagb-buttons__outer-wrap uagb-btn__default-btn uagb-btn-tablet__default-btn uagb-btn-mobile__default-btn uagb-block-0711ec86\"><div class=\"uagb-buttons__wrap uagb-buttons-layout-wrap \">\n<div class=\"wp-block-uagb-buttons-child uagb-buttons__outer-wrap uagb-block-ddbc289e wp-block-button\"><div class=\"uagb-button__wrapper\"><a class=\"uagb-buttons-repeater ast-outline-button\" aria-label=\"\" style=\"border-width:revert-layer\" href=\"https:\/\/jelashealingcorner.com\/index.php\/kontakt\" rel=\"follow noopener\" target=\"_self\" role=\"button\"><div class=\"uagb-button__link\">Beginnen wir<\/div><\/a><\/div><\/div>\n<\/div><\/div>\n\n\n\n<p class=\"has-medium-font-size\">Theta Healing ist eine Methode, die auf der Verbindung mit der Theta-Gehirnwelle basiert.<br><br>In diesem Zustand wird es m\u00f6glich, tief sitzende Glaubensmuster, Traumas, emotionale Blockaden, und alte Pr\u00e4gungen aufzul\u00f6sen.<br><br>In einer pers\u00f6nlichen Sitzung, schauen wir gemeinsam was dich gerade bewegt. Alles geschieht in deinem Tempo, du darfst ankommen und dich wohlf\u00fchlen, egal<br>welches Thema wir bearbeiten. <br><br>Mir ist es wichtig, das du wei\u00dft dass es einen <code>Safe Place<\/code> f\u00fcr dich gibt, wo du einfach du sein kannst, ohne dich zu sch\u00e4men, ver oder beurteilt f\u00fchlst, sondern<br>akzeptiert und sicher. <br><br>Es kann dich unterst\u00fctzen und dabei helfen, innere Prozesse anzusto\u00dfen.<\/p>\n\n\n\n<div class=\"wp-block-uagb-advanced-heading uagb-block-a38ac179\"><h3 class=\"uagb-heading-text\">M\u00f6gliche Themen k\u00f6nnen sein:<\/h3><\/div>\n\n\n\n<ul style=\"padding-top:0;padding-right:0;padding-bottom:0;padding-left:0\" class=\"wp-block-list\">\n<li>Innere Blockaden<\/li>\n\n\n\n<li>Emotionale Belastungen<\/li>\n\n\n\n<li>Selbstwert<\/li>\n\n\n\n<li>Selbstliebe<\/li>\n\n\n\n<li>Vertrauen<\/li>\n\n\n\n<li>Unterst\u00fctzung<\/li>\n\n\n\n<li>\u00c4ngste<\/li>\n\n\n\n<li>Zweifel<\/li>\n\n\n\n<li>Der Wunsch nach Klarheit und inneren Ausrichtung<\/li>\n\n\n\n<li>Schmerzen<\/li>\n<\/ul>\n\n\n\n<p class=\"has-medium-font-size\" style=\"margin-top:0;margin-bottom:0;padding-top:0;padding-right:0;padding-bottom:0;padding-left:0\"><strong>Und nat\u00fcrlich all das, was du bearbeiten willst.<\/strong><\/p>\n\n\n\n<div class=\"wp-block-uagb-advanced-heading uagb-block-cc654dda\"><h2 class=\"uagb-heading-text\">Du kannst frei entscheiden.<\/h2><\/div>\n\n\n\n<div class=\"wp-block-uagb-buttons uagb-buttons__outer-wrap uagb-btn__default-btn uagb-btn-tablet__default-btn uagb-btn-mobile__default-btn uagb-block-6c9c749f\"><div class=\"uagb-buttons__wrap uagb-buttons-layout-wrap \">\n<div class=\"wp-block-uagb-buttons-child uagb-buttons__outer-wrap uagb-block-79b26cc9 wp-block-button\"><div class=\"uagb-button__wrapper\"><a class=\"uagb-buttons-repeater wp-block-button__link\" aria-label=\"\" href=\"https:\/\/jelashealingcorner.com\/index.php\/kontakt\/\" rel=\"follow noopener\" target=\"_self\" role=\"button\"><div class=\"uagb-button__link\">Termin vereinbaren<\/div><\/a><\/div><\/div>\n<\/div><\/div>\n\n\n\n<div style=\"height:100px\" aria-hidden=\"true\" class=\"wp-block-spacer\"><\/div>\n<\/div>\n<\/div><\/div>\n","protected":false},"excerpt":{"rendered":"<p>Theta Healing Dein weg nach innen Theta Healing ist eine Methode, die auf der Verbindung mit der Theta-Gehirnwelle basiert. In [&hellip;]<\/p>\n","protected":false},"author":1,"featured_media":0,"parent":0,"menu_order":0,"comment_status":"closed","ping_status":"closed","template":"","meta":{"content-type":"","_uag_custom_page_level_css":"","site-sidebar-layout":"default","site-content-layout":"","ast-site-content-layout":"default","site-content-style":"default","site-sidebar-style":"default","ast-global-header-display":"","ast-banner-title-visibility":"","ast-main-header-display":"","ast-hfb-above-header-display":"","ast-hfb-below-header-display":"","ast-hfb-mobile-header-display":"","site-post-title":"disabled","ast-breadcrumbs-content":"","ast-featured-img":"","footer-sml-layout":"","ast-disable-related-posts":"","theme-transparent-header-meta":"","adv-header-id-meta":"","stick-header-meta":"","header-above-stick-meta":"","header-main-stick-meta":"","header-below-stick-meta":"","astra-migrate-meta-layouts":"default","ast-page-background-enabled":"default","ast-page-background-meta":{"desktop":{"background-color":"var(--ast-global-color-5)","background-image":"","background-repeat":"repeat","background-position":"center center","background-size":"auto","background-attachment":"scroll","background-type":"","background-media":"","overlay-type":"","overlay-color":"","overlay-opacity":"","overlay-gradient":""},"tablet":{"background-color":"","background-image":"","background-repeat":"repeat","background-position":"center center","background-size":"auto","background-attachment":"scroll","background-type":"","background-media":"","overlay-type":"","overlay-color":"","overlay-opacity":"","overlay-gradient":""},"mobile":{"background-color":"","background-image":"","background-repeat":"repeat","background-position":"center center","background-size":"auto","background-attachment":"scroll","background-type":"","background-media":"","overlay-type":"","overlay-color":"","overlay-opacity":"","overlay-gradient":""}},"ast-content-background-meta":{"desktop":{"background-color":"var(--ast-global-color-4)","background-image":"","background-repeat":"repeat","background-position":"center center","background-size":"auto","background-attachment":"scroll","background-type":"","background-media":"","overlay-type":"","overlay-color":"","overlay-opacity":"","overlay-gradient":""},"tablet":{"background-color":"var(--ast-global-color-4)","background-image":"","background-repeat":"repeat","background-position":"center center","background-size":"auto","background-attachment":"scroll","background-type":"","background-media":"","overlay-type":"","overlay-color":"","overlay-opacity":"","overlay-gradient":""},"mobile":{"background-color":"var(--ast-global-color-4)","background-image":"","background-repeat":"repeat","background-position":"center center","background-size":"auto","background-attachment":"scroll","background-type":"","background-media":"","overlay-type":"","overlay-color":"","overlay-opacity":"","overlay-gradient":""}},"footnotes":""},"class_list":["post-2","page","type-page","status-publish","hentry"],"yoast_head":"<!-- This site is optimized with the Yoast SEO plugin v27.3 - https:\/\/yoast.com\/product\/yoast-seo-wordpress\/ -->\n<title>Theta Healing Techniques for Deep Emotional Healing - Jela&#039;s Healing Corner<\/title>\n<meta name=\"description\" content=\"Find peace through theta healing. This method helps you address inner blockages and foster emotional well-being in a safe space.\" \/>\n<meta name=\"robots\" content=\"index, follow, max-snippet:-1, max-image-preview:large, max-video-preview:-1\" \/>\n<link rel=\"canonical\" href=\"https:\/\/jelashealingcorner.com\/\" \/>\n<meta property=\"og:locale\" content=\"en_US\" \/>\n<meta property=\"og:type\" content=\"article\" \/>\n<meta property=\"og:title\" content=\"Theta Healing Techniques for Deep Emotional Healing - Jela&#039;s Healing Corner\" \/>\n<meta property=\"og:description\" content=\"Find peace through theta healing. This method helps you address inner blockages and foster emotional well-being in a safe space.\" \/>\n<meta property=\"og:url\" content=\"https:\/\/jelashealingcorner.com\/\" \/>\n<meta property=\"og:site_name\" content=\"Jela&#039;s Healing Corner\" \/>\n<meta property=\"article:modified_time\" content=\"2026-01-15T21:15:24+00:00\" \/>\n<meta name=\"twitter:card\" content=\"summary_large_image\" \/>\n<meta name=\"twitter:label1\" content=\"Est. reading time\" \/>\n\t<meta name=\"twitter:data1\" content=\"1 minute\" \/>\n<script type=\"application\/ld+json\" class=\"yoast-schema-graph\">{\"@context\":\"https:\\\/\\\/schema.org\",\"@graph\":[{\"@type\":\"WebPage\",\"@id\":\"https:\\\/\\\/jelashealingcorner.com\\\/\",\"url\":\"https:\\\/\\\/jelashealingcorner.com\\\/\",\"name\":\"Theta Healing Techniques for Deep Emotional Healing - Jela&#039;s Healing Corner\",\"isPartOf\":{\"@id\":\"https:\\\/\\\/jelashealingcorner.com\\\/#website\"},\"datePublished\":\"2025-09-24T03:44:56+00:00\",\"dateModified\":\"2026-01-15T21:15:24+00:00\",\"description\":\"Find peace through theta healing. This method helps you address inner blockages and foster emotional well-being in a safe space.\",\"breadcrumb\":{\"@id\":\"https:\\\/\\\/jelashealingcorner.com\\\/#breadcrumb\"},\"inLanguage\":\"en-US\",\"potentialAction\":[{\"@type\":\"ReadAction\",\"target\":[\"https:\\\/\\\/jelashealingcorner.com\\\/\"]}]},{\"@type\":\"BreadcrumbList\",\"@id\":\"https:\\\/\\\/jelashealingcorner.com\\\/#breadcrumb\",\"itemListElement\":[{\"@type\":\"ListItem\",\"position\":1,\"name\":\"Home\",\"item\":\"https:\\\/\\\/jelashealingcorner.com\\\/\"},{\"@type\":\"ListItem\",\"position\":2,\"name\":\"Home\"}]},{\"@type\":\"WebSite\",\"@id\":\"https:\\\/\\\/jelashealingcorner.com\\\/#website\",\"url\":\"https:\\\/\\\/jelashealingcorner.com\\\/\",\"name\":\"Jela&#039;s Healing Corner\",\"description\":\"Dein weg nach innen\",\"publisher\":{\"@id\":\"https:\\\/\\\/jelashealingcorner.com\\\/#organization\"},\"potentialAction\":[{\"@type\":\"SearchAction\",\"target\":{\"@type\":\"EntryPoint\",\"urlTemplate\":\"https:\\\/\\\/jelashealingcorner.com\\\/?s={search_term_string}\"},\"query-input\":{\"@type\":\"PropertyValueSpecification\",\"valueRequired\":true,\"valueName\":\"search_term_string\"}}],\"inLanguage\":\"en-US\"},{\"@type\":\"Organization\",\"@id\":\"https:\\\/\\\/jelashealingcorner.com\\\/#organization\",\"name\":\"Jela&#039;s Healing Corner\",\"url\":\"https:\\\/\\\/jelashealingcorner.com\\\/\",\"logo\":{\"@type\":\"ImageObject\",\"inLanguage\":\"en-US\",\"@id\":\"https:\\\/\\\/jelashealingcorner.com\\\/#\\\/schema\\\/logo\\\/image\\\/\",\"url\":\"\",\"contentUrl\":\"\",\"caption\":\"Jela&#039;s Healing Corner\"},\"image\":{\"@id\":\"https:\\\/\\\/jelashealingcorner.com\\\/#\\\/schema\\\/logo\\\/image\\\/\"}}]}<\/script>\n<!-- \/ Yoast SEO plugin. -->","yoast_head_json":{"title":"Theta Healing Techniques for Deep Emotional Healing - Jela&#039;s Healing Corner","description":"Find peace through theta healing. This method helps you address inner blockages and foster emotional well-being in a safe space.","robots":{"index":"index","follow":"follow","max-snippet":"max-snippet:-1","max-image-preview":"max-image-preview:large","max-video-preview":"max-video-preview:-1"},"canonical":"https:\/\/jelashealingcorner.com\/","og_locale":"en_US","og_type":"article","og_title":"Theta Healing Techniques for Deep Emotional Healing - Jela&#039;s Healing Corner","og_description":"Find peace through theta healing. This method helps you address inner blockages and foster emotional well-being in a safe space.","og_url":"https:\/\/jelashealingcorner.com\/","og_site_name":"Jela&#039;s Healing Corner","article_modified_time":"2026-01-15T21:15:24+00:00","twitter_card":"summary_large_image","twitter_misc":{"Est. reading time":"1 minute"},"schema":{"@context":"https:\/\/schema.org","@graph":[{"@type":"WebPage","@id":"https:\/\/jelashealingcorner.com\/","url":"https:\/\/jelashealingcorner.com\/","name":"Theta Healing Techniques for Deep Emotional Healing - Jela&#039;s Healing Corner","isPartOf":{"@id":"https:\/\/jelashealingcorner.com\/#website"},"datePublished":"2025-09-24T03:44:56+00:00","dateModified":"2026-01-15T21:15:24+00:00","description":"Find peace through theta healing. This method helps you address inner blockages and foster emotional well-being in a safe space.","breadcrumb":{"@id":"https:\/\/jelashealingcorner.com\/#breadcrumb"},"inLanguage":"en-US","potentialAction":[{"@type":"ReadAction","target":["https:\/\/jelashealingcorner.com\/"]}]},{"@type":"BreadcrumbList","@id":"https:\/\/jelashealingcorner.com\/#breadcrumb","itemListElement":[{"@type":"ListItem","position":1,"name":"Home","item":"https:\/\/jelashealingcorner.com\/"},{"@type":"ListItem","position":2,"name":"Home"}]},{"@type":"WebSite","@id":"https:\/\/jelashealingcorner.com\/#website","url":"https:\/\/jelashealingcorner.com\/","name":"Jela&#039;s Healing Corner","description":"Dein weg nach innen","publisher":{"@id":"https:\/\/jelashealingcorner.com\/#organization"},"potentialAction":[{"@type":"SearchAction","target":{"@type":"EntryPoint","urlTemplate":"https:\/\/jelashealingcorner.com\/?s={search_term_string}"},"query-input":{"@type":"PropertyValueSpecification","valueRequired":true,"valueName":"search_term_string"}}],"inLanguage":"en-US"},{"@type":"Organization","@id":"https:\/\/jelashealingcorner.com\/#organization","name":"Jela&#039;s Healing Corner","url":"https:\/\/jelashealingcorner.com\/","logo":{"@type":"ImageObject","inLanguage":"en-US","@id":"https:\/\/jelashealingcorner.com\/#\/schema\/logo\/image\/","url":"","contentUrl":"","caption":"Jela&#039;s Healing Corner"},"image":{"@id":"https:\/\/jelashealingcorner.com\/#\/schema\/logo\/image\/"}}]}},"uagb_featured_image_src":{"full":false,"thumbnail":false,"medium":false,"medium_large":false,"large":false,"1536x1536":false,"2048x2048":false},"uagb_author_info":{"display_name":"jelashealingcorner","author_link":"https:\/\/jelashealingcorner.com\/index.php\/author\/jelashealingcorner\/"},"uagb_comment_info":0,"uagb_excerpt":"Theta Healing Dein weg nach innen Theta Healing ist eine Methode, die auf der Verbindung mit der Theta-Gehirnwelle basiert. In [&hellip;]","_links":{"self":[{"href":"https:\/\/jelashealingcorner.com\/index.php\/wp-json\/wp\/v2\/pages\/2","targetHints":{"allow":["GET"]}}],"collection":[{"href":"https:\/\/jelashealingcorner.com\/index.php\/wp-json\/wp\/v2\/pages"}],"about":[{"href":"https:\/\/jelashealingcorner.com\/index.php\/wp-json\/wp\/v2\/types\/page"}],"author":[{"embeddable":true,"href":"https:\/\/jelashealingcorner.com\/index.php\/wp-json\/wp\/v2\/users\/1"}],"replies":[{"embeddable":true,"href":"https:\/\/jelashealingcorner.com\/index.php\/wp-json\/wp\/v2\/comments?post=2"}],"version-history":[{"count":95,"href":"https:\/\/jelashealingcorner.com\/index.php\/wp-json\/wp\/v2\/pages\/2\/revisions"}],"predecessor-version":[{"id":387,"href":"https:\/\/jelashealingcorner.com\/index.php\/wp-json\/wp\/v2\/pages\/2\/revisions\/387"}],"wp:attachment":[{"href":"https:\/\/jelashealingcorner.com\/index.php\/wp-json\/wp\/v2\/media?parent=2"}],"curies":[{"name":"wp","href":"https:\/\/api.w.org\/{rel}","templated":true}]}}