{"id":191,"date":"2026-01-15T08:57:21","date_gmt":"2026-01-15T08:57:21","guid":{"rendered":"https:\/\/jelashealingcorner.com\/?page_id=191"},"modified":"2026-01-15T12:21:25","modified_gmt":"2026-01-15T12:21:25","slug":"uber-mich","status":"publish","type":"page","link":"https:\/\/jelashealingcorner.com\/index.php\/uber-mich\/","title":{"rendered":"\u00dcber mich"},"content":{"rendered":"\n<div class=\"wp-block-uagb-container uagb-block-5f9abd40 alignfull uagb-is-root-container\"><div class=\"uagb-container-inner-blocks-wrap\">\n<div class=\"wp-block-uagb-container uagb-block-f2c0537e\">\n<div class=\"wp-block-stackable-spacer stk-block-spacer stk--no-padding stk-block stk-7bc8b23\" data-block-id=\"7bc8b23\"><\/div>\n\n\n\n<div class=\"wp-block-uagb-advanced-heading uagb-block-ffad1f46\"><h3 class=\"uagb-heading-text\">Sch\u00f6n, dass du hier bist und dir die Zeit nimmst, mich kennenzulernen&nbsp;\ud83d\ude0a&nbsp;<\/h3><\/div>\n\n\n\n<p>Mein Name ist&nbsp;<strong>Jela<\/strong>&nbsp;und ich arbeite seit&nbsp;<strong>2019 mit Theta Healing<\/strong>.&nbsp;Meine erste&nbsp;<strong>Theta-Healing-Lehrerausbildung<\/strong>&nbsp;habe ich im Jahr&nbsp;<strong>2021<\/strong>&nbsp;abgeschlossen.&nbsp;<br><br>F\u00fcr mich ist&nbsp;<strong>Theta Healing<\/strong>&nbsp;weit mehr als nur eine&nbsp;Technik der Energiearbeit \u2013&nbsp;es ist eine&nbsp;<strong>Lebensart<\/strong>, die mich tief gepr\u00e4gt und ver\u00e4ndert hat.&nbsp;<br><br>Lange Zeit habe ich mit meinem Leben gehadert, bis ich zur&nbsp;<strong>Energiearbeit und zum Theta Healing<\/strong>&nbsp;gefunden habe.&nbsp;<br>Keine andere Methode hat mir so sehr geholfen, mich&nbsp;selbst zu heilen, innere Blockaden zu l\u00f6sen und den Mut zu finden, meine eigene Wahrheit zu erkennen und zu akzeptieren.&nbsp;<br><br>Diese Erkenntnisse haben mein Leben sp\u00fcrbar leichter gemacht.&nbsp;Ich habe gelernt, dass man das Leben viel intensiver genie\u00dfen kann, wenn man&nbsp;bereit ist, ehrlich zu sich selbst zu sein und die eigene Wahrheit anzunehmen.&nbsp;<br><br>Durch&nbsp;<strong>Theta Healing<\/strong>&nbsp;durfte ich lernen, mich selbst zu akzeptieren, mich zu lieben und mein eigener bester Freund zu werden \u2013 denn fr\u00fcher war ich oft mein gr\u00f6\u00dfter Kritiker.&nbsp;<br><br>Nach all dieser inneren Arbeit wurde mir klar, dass&nbsp;<strong>Theta Healing ein fester Teil meines Lebens<\/strong>&nbsp;ist und mich auf einer tiefen Ebene erf\u00fcllt und begleitet.&nbsp;<br><br>Deshalb sage ich von Herzen&nbsp;<strong>Danke<\/strong>, dass du mit mir auf diese Reise der Heilung und Bewusstwerdung gehst&nbsp;\ud83d\ude0a&nbsp;<\/p>\n\n\n\n<div data-aos= \"fade-up\" data-aos-duration=\"400\" data-aos-delay=\"0\" data-aos-easing=\"ease\" data-aos-once=\"true\" class=\"wp-block-uagb-buttons uagb-buttons__outer-wrap uagb-btn__default-btn uagb-btn-tablet__default-btn uagb-btn-mobile__default-btn uagb-block-88d9a11d\"><div class=\"uagb-buttons__wrap uagb-buttons-layout-wrap \">\n<div data-aos= \"fade-up\" data-aos-duration=\"400\" data-aos-delay=\"0\" data-aos-easing=\"ease\" data-aos-once=\"true\" class=\"wp-block-uagb-buttons-child uagb-buttons__outer-wrap uagb-block-820a9889 wp-block-button\"><div class=\"uagb-button__wrapper\"><a class=\"uagb-buttons-repeater ast-outline-button\" aria-label=\"\" style=\"border-width:revert-layer\" href=\"https:\/\/jelashealingcorner.com\/index.php\/kontakt\" rel=\"follow noopener\" target=\"_self\" role=\"button\"><div class=\"uagb-button__link\">Wann m\u00f6chtest du dich mit mir treffen?<\/div><span class=\"uagb-button__icon uagb-button__icon-position-after\"><svg xmlns=\"https:\/\/www.w3.org\/2000\/svg\" viewBox=\"0 0 448 512\" aria-hidden=\"true\" focussable=\"false\"><path d=\"M160 32V64H288V32C288 14.33 302.3 0 320 0C337.7 0 352 14.33 352 32V64H400C426.5 64 448 85.49 448 112V160H0V112C0 85.49 21.49 64 48 64H96V32C96 14.33 110.3 0 128 0C145.7 0 160 14.33 160 32zM0 192H448V464C448 490.5 426.5 512 400 512H48C21.49 512 0 490.5 0 464V192zM328.1 304.1C338.3 295.6 338.3 280.4 328.1 271C319.6 261.7 304.4 261.7 295 271L200 366.1L152.1 319C143.6 309.7 128.4 309.7 119 319C109.7 328.4 109.7 343.6 119 352.1L183 416.1C192.4 426.3 207.6 426.3 216.1 416.1L328.1 304.1z\"><\/path><\/svg><\/span><\/a><\/div><\/div>\n<\/div><\/div>\n\n\n\n<div class=\"wp-block-stackable-spacer stk-block-spacer stk--no-padding stk-block stk-edf18a7\" data-block-id=\"edf18a7\"><style>@media screen and (max-width: 767px){.stk-edf18a7 {height:300px !important;}}<\/style><\/div>\n<\/div>\n\n\n\n<div class=\"wp-block-uagb-container uagb-block-f1768a18\"><\/div>\n<\/div><\/div>\n","protected":false},"excerpt":{"rendered":"<p>Sch\u00f6n, dass du hier bist und dir die Zeit nimmst, mich kennenzulernen&nbsp;\ud83d\ude0a&nbsp; Mein Name ist&nbsp;Jela&nbsp;und ich arbeite seit&nbsp;2019 mit Theta [&hellip;]<\/p>\n","protected":false},"author":2,"featured_media":0,"parent":0,"menu_order":0,"comment_status":"closed","ping_status":"closed","template":"","meta":{"content-type":"","_uag_custom_page_level_css":"","site-sidebar-layout":"default","site-content-layout":"","ast-site-content-layout":"default","site-content-style":"default","site-sidebar-style":"default","ast-global-header-display":"","ast-banner-title-visibility":"","ast-main-header-display":"","ast-hfb-above-header-display":"","ast-hfb-below-header-display":"","ast-hfb-mobile-header-display":"","site-post-title":"disabled","ast-breadcrumbs-content":"","ast-featured-img":"","footer-sml-layout":"","ast-disable-related-posts":"","theme-transparent-header-meta":"","adv-header-id-meta":"","stick-header-meta":"","header-above-stick-meta":"","header-main-stick-meta":"","header-below-stick-meta":"","astra-migrate-meta-layouts":"default","ast-page-background-enabled":"default","ast-page-background-meta":{"desktop":{"background-color":"var(--ast-global-color-5)","background-image":"","background-repeat":"repeat","background-position":"center center","background-size":"auto","background-attachment":"scroll","background-type":"","background-media":"","overlay-type":"","overlay-color":"","overlay-opacity":"","overlay-gradient":""},"tablet":{"background-color":"","background-image":"","background-repeat":"repeat","background-position":"center center","background-size":"auto","background-attachment":"scroll","background-type":"","background-media":"","overlay-type":"","overlay-color":"","overlay-opacity":"","overlay-gradient":""},"mobile":{"background-color":"","background-image":"","background-repeat":"repeat","background-position":"center center","background-size":"auto","background-attachment":"scroll","background-type":"","background-media":"","overlay-type":"","overlay-color":"","overlay-opacity":"","overlay-gradient":""}},"ast-content-background-meta":{"desktop":{"background-color":"var(--ast-global-color-4)","background-image":"","background-repeat":"repeat","background-position":"center center","background-size":"auto","background-attachment":"scroll","background-type":"","background-media":"","overlay-type":"","overlay-color":"","overlay-opacity":"","overlay-gradient":""},"tablet":{"background-color":"var(--ast-global-color-4)","background-image":"","background-repeat":"repeat","background-position":"center center","background-size":"auto","background-attachment":"scroll","background-type":"","background-media":"","overlay-type":"","overlay-color":"","overlay-opacity":"","overlay-gradient":""},"mobile":{"background-color":"var(--ast-global-color-4)","background-image":"","background-repeat":"repeat","background-position":"center center","background-size":"auto","background-attachment":"scroll","background-type":"","background-media":"","overlay-type":"","overlay-color":"","overlay-opacity":"","overlay-gradient":""}},"footnotes":""},"class_list":["post-191","page","type-page","status-publish","hentry"],"yoast_head":"<!-- This site is optimized with the Yoast SEO plugin v27.3 - https:\/\/yoast.com\/product\/yoast-seo-wordpress\/ -->\n<title>\u00dcber mich - Jela&#039;s Healing Corner<\/title>\n<meta name=\"robots\" content=\"index, follow, max-snippet:-1, max-image-preview:large, max-video-preview:-1\" \/>\n<link rel=\"canonical\" href=\"https:\/\/jelashealingcorner.com\/index.php\/uber-mich\/\" \/>\n<meta property=\"og:locale\" content=\"en_US\" \/>\n<meta property=\"og:type\" content=\"article\" \/>\n<meta property=\"og:title\" content=\"\u00dcber mich - Jela&#039;s Healing Corner\" \/>\n<meta property=\"og:description\" content=\"Sch\u00f6n, dass du hier bist und dir die Zeit nimmst, mich kennenzulernen&nbsp;\ud83d\ude0a&nbsp; Mein Name ist&nbsp;Jela&nbsp;und ich arbeite seit&nbsp;2019 mit Theta [&hellip;]\" \/>\n<meta property=\"og:url\" content=\"https:\/\/jelashealingcorner.com\/index.php\/uber-mich\/\" \/>\n<meta property=\"og:site_name\" content=\"Jela&#039;s Healing Corner\" \/>\n<meta property=\"article:modified_time\" content=\"2026-01-15T12:21:25+00:00\" \/>\n<meta name=\"twitter:card\" content=\"summary_large_image\" \/>\n<meta name=\"twitter:label1\" content=\"Est. reading time\" \/>\n\t<meta name=\"twitter:data1\" content=\"1 minute\" \/>\n<script type=\"application\/ld+json\" class=\"yoast-schema-graph\">{\"@context\":\"https:\\\/\\\/schema.org\",\"@graph\":[{\"@type\":\"WebPage\",\"@id\":\"https:\\\/\\\/jelashealingcorner.com\\\/index.php\\\/uber-mich\\\/\",\"url\":\"https:\\\/\\\/jelashealingcorner.com\\\/index.php\\\/uber-mich\\\/\",\"name\":\"\u00dcber mich - Jela&#039;s Healing Corner\",\"isPartOf\":{\"@id\":\"https:\\\/\\\/jelashealingcorner.com\\\/#website\"},\"datePublished\":\"2026-01-15T08:57:21+00:00\",\"dateModified\":\"2026-01-15T12:21:25+00:00\",\"breadcrumb\":{\"@id\":\"https:\\\/\\\/jelashealingcorner.com\\\/index.php\\\/uber-mich\\\/#breadcrumb\"},\"inLanguage\":\"en-US\",\"potentialAction\":[{\"@type\":\"ReadAction\",\"target\":[\"https:\\\/\\\/jelashealingcorner.com\\\/index.php\\\/uber-mich\\\/\"]}]},{\"@type\":\"BreadcrumbList\",\"@id\":\"https:\\\/\\\/jelashealingcorner.com\\\/index.php\\\/uber-mich\\\/#breadcrumb\",\"itemListElement\":[{\"@type\":\"ListItem\",\"position\":1,\"name\":\"Home\",\"item\":\"https:\\\/\\\/jelashealingcorner.com\\\/\"},{\"@type\":\"ListItem\",\"position\":2,\"name\":\"\u00dcber mich\"}]},{\"@type\":\"WebSite\",\"@id\":\"https:\\\/\\\/jelashealingcorner.com\\\/#website\",\"url\":\"https:\\\/\\\/jelashealingcorner.com\\\/\",\"name\":\"Jela&#039;s Healing Corner\",\"description\":\"Dein weg nach innen\",\"publisher\":{\"@id\":\"https:\\\/\\\/jelashealingcorner.com\\\/#organization\"},\"potentialAction\":[{\"@type\":\"SearchAction\",\"target\":{\"@type\":\"EntryPoint\",\"urlTemplate\":\"https:\\\/\\\/jelashealingcorner.com\\\/?s={search_term_string}\"},\"query-input\":{\"@type\":\"PropertyValueSpecification\",\"valueRequired\":true,\"valueName\":\"search_term_string\"}}],\"inLanguage\":\"en-US\"},{\"@type\":\"Organization\",\"@id\":\"https:\\\/\\\/jelashealingcorner.com\\\/#organization\",\"name\":\"Jela&#039;s Healing Corner\",\"url\":\"https:\\\/\\\/jelashealingcorner.com\\\/\",\"logo\":{\"@type\":\"ImageObject\",\"inLanguage\":\"en-US\",\"@id\":\"https:\\\/\\\/jelashealingcorner.com\\\/#\\\/schema\\\/logo\\\/image\\\/\",\"url\":\"\",\"contentUrl\":\"\",\"caption\":\"Jela&#039;s Healing Corner\"},\"image\":{\"@id\":\"https:\\\/\\\/jelashealingcorner.com\\\/#\\\/schema\\\/logo\\\/image\\\/\"}}]}<\/script>\n<!-- \/ Yoast SEO plugin. -->","yoast_head_json":{"title":"\u00dcber mich - Jela&#039;s Healing Corner","robots":{"index":"index","follow":"follow","max-snippet":"max-snippet:-1","max-image-preview":"max-image-preview:large","max-video-preview":"max-video-preview:-1"},"canonical":"https:\/\/jelashealingcorner.com\/index.php\/uber-mich\/","og_locale":"en_US","og_type":"article","og_title":"\u00dcber mich - Jela&#039;s Healing Corner","og_description":"Sch\u00f6n, dass du hier bist und dir die Zeit nimmst, mich kennenzulernen&nbsp;\ud83d\ude0a&nbsp; Mein Name ist&nbsp;Jela&nbsp;und ich arbeite seit&nbsp;2019 mit Theta [&hellip;]","og_url":"https:\/\/jelashealingcorner.com\/index.php\/uber-mich\/","og_site_name":"Jela&#039;s Healing Corner","article_modified_time":"2026-01-15T12:21:25+00:00","twitter_card":"summary_large_image","twitter_misc":{"Est. reading time":"1 minute"},"schema":{"@context":"https:\/\/schema.org","@graph":[{"@type":"WebPage","@id":"https:\/\/jelashealingcorner.com\/index.php\/uber-mich\/","url":"https:\/\/jelashealingcorner.com\/index.php\/uber-mich\/","name":"\u00dcber mich - Jela&#039;s Healing Corner","isPartOf":{"@id":"https:\/\/jelashealingcorner.com\/#website"},"datePublished":"2026-01-15T08:57:21+00:00","dateModified":"2026-01-15T12:21:25+00:00","breadcrumb":{"@id":"https:\/\/jelashealingcorner.com\/index.php\/uber-mich\/#breadcrumb"},"inLanguage":"en-US","potentialAction":[{"@type":"ReadAction","target":["https:\/\/jelashealingcorner.com\/index.php\/uber-mich\/"]}]},{"@type":"BreadcrumbList","@id":"https:\/\/jelashealingcorner.com\/index.php\/uber-mich\/#breadcrumb","itemListElement":[{"@type":"ListItem","position":1,"name":"Home","item":"https:\/\/jelashealingcorner.com\/"},{"@type":"ListItem","position":2,"name":"\u00dcber mich"}]},{"@type":"WebSite","@id":"https:\/\/jelashealingcorner.com\/#website","url":"https:\/\/jelashealingcorner.com\/","name":"Jela&#039;s Healing Corner","description":"Dein weg nach innen","publisher":{"@id":"https:\/\/jelashealingcorner.com\/#organization"},"potentialAction":[{"@type":"SearchAction","target":{"@type":"EntryPoint","urlTemplate":"https:\/\/jelashealingcorner.com\/?s={search_term_string}"},"query-input":{"@type":"PropertyValueSpecification","valueRequired":true,"valueName":"search_term_string"}}],"inLanguage":"en-US"},{"@type":"Organization","@id":"https:\/\/jelashealingcorner.com\/#organization","name":"Jela&#039;s Healing Corner","url":"https:\/\/jelashealingcorner.com\/","logo":{"@type":"ImageObject","inLanguage":"en-US","@id":"https:\/\/jelashealingcorner.com\/#\/schema\/logo\/image\/","url":"","contentUrl":"","caption":"Jela&#039;s Healing Corner"},"image":{"@id":"https:\/\/jelashealingcorner.com\/#\/schema\/logo\/image\/"}}]}},"uagb_featured_image_src":{"full":false,"thumbnail":false,"medium":false,"medium_large":false,"large":false,"1536x1536":false,"2048x2048":false},"uagb_author_info":{"display_name":"Andrea Komatina","author_link":"https:\/\/jelashealingcorner.com\/index.php\/author\/andrea\/"},"uagb_comment_info":0,"uagb_excerpt":"Sch\u00f6n, dass du hier bist und dir die Zeit nimmst, mich kennenzulernen&nbsp;\ud83d\ude0a&nbsp; Mein Name ist&nbsp;Jela&nbsp;und ich arbeite seit&nbsp;2019 mit Theta [&hellip;]","_links":{"self":[{"href":"https:\/\/jelashealingcorner.com\/index.php\/wp-json\/wp\/v2\/pages\/191","targetHints":{"allow":["GET"]}}],"collection":[{"href":"https:\/\/jelashealingcorner.com\/index.php\/wp-json\/wp\/v2\/pages"}],"about":[{"href":"https:\/\/jelashealingcorner.com\/index.php\/wp-json\/wp\/v2\/types\/page"}],"author":[{"embeddable":true,"href":"https:\/\/jelashealingcorner.com\/index.php\/wp-json\/wp\/v2\/users\/2"}],"replies":[{"embeddable":true,"href":"https:\/\/jelashealingcorner.com\/index.php\/wp-json\/wp\/v2\/comments?post=191"}],"version-history":[{"count":24,"href":"https:\/\/jelashealingcorner.com\/index.php\/wp-json\/wp\/v2\/pages\/191\/revisions"}],"predecessor-version":[{"id":281,"href":"https:\/\/jelashealingcorner.com\/index.php\/wp-json\/wp\/v2\/pages\/191\/revisions\/281"}],"wp:attachment":[{"href":"https:\/\/jelashealingcorner.com\/index.php\/wp-json\/wp\/v2\/media?parent=191"}],"curies":[{"name":"wp","href":"https:\/\/api.w.org\/{rel}","templated":true}]}}